


      
{"id":3592,"date":"2024-08-25T08:46:05","date_gmt":"2024-08-25T06:46:05","guid":{"rendered":"https:\/\/kinkystuffmade.com\/datenschutzerklaerung\/"},"modified":"2025-05-01T11:43:05","modified_gmt":"2025-05-01T09:43:05","slug":"privacy-policy","status":"publish","type":"page","link":"https:\/\/kinkystuffmade.com\/de\/privacy-policy\/","title":{"rendered":"Privacy policy"},"content":{"rendered":"<div data-elementor-type=\"wp-page\" data-elementor-id=\"3592\" class=\"elementor elementor-3592\">\n\t\t\t\t<div class=\"elementor-element elementor-element-8d289b9 e-flex e-con-boxed e-con e-parent\" data-id=\"8d289b9\" data-element_type=\"container\" data-e-type=\"container\">\n\t\t\t\t\t<div class=\"e-con-inner\">\n\t\t\t\t<div class=\"elementor-element elementor-element-668c050 elementor-widget elementor-widget-html\" data-id=\"668c050\" data-element_type=\"widget\" data-e-type=\"widget\" data-no-translation=\"\" data-widget_type=\"html.default\">\n\t\t\t\t<div class=\"elementor-widget-container\">\n\t\t\t\t\t<style>.elementor-element-668c050{display:none !important}<\/style>\t\t\t\t<\/div>\n\t\t\t\t<\/div>\n\t\t\t\t<div class=\"elementor-element elementor-element-a9a0b30 elementor-widget elementor-widget-html\" data-id=\"a9a0b30\" data-element_type=\"widget\" data-e-type=\"widget\" data-no-translation=\"\" data-widget_type=\"html.default\">\n\t\t\t\t<div class=\"elementor-widget-container\">\n\t\t\t\t\t<h1>Datenschutzerkl\u00e4rung<\/h1>\n<p>\nVerantwortlicher f\u00fcr die Datenverarbeitung ist: Philipp Freiburger, Heerstra\u00dfe 32, 70563 Stuttgart, E-Mail: shop@kinkystuffmade.com. Wir freuen uns \u00fcber Ihr Interesse an unserem Online-Shop. Der Schutz Ihrer Privatsph\u00e4re ist uns sehr wichtig. Nachfolgend informieren wir Sie ausf\u00fchrlich \u00fcber den Umgang mit Ihren Daten.\n<\/p>\n\n<h2>1. Zugriffsdaten und Hosting<\/h2>\n<p>\nSie k\u00f6nnen unsere Webseiten besuchen, ohne Angaben zu Ihrer Person zu machen. Bei jedem Aufruf einer Webseite speichert der Webserver automatisch ein sogenanntes Server-Logfile, das z.B. den Namen der angeforderten Datei, Ihre IP-Adresse, Datum und Uhrzeit des Abrufs, \u00fcbertragene Datenmenge und den anfragenden Provider (Zugriffsdaten) enth\u00e4lt und den Zugriff dokumentiert. Diese Zugriffsdaten werden ausschlie\u00dflich zum Zwecke der Sicherstellung eines st\u00f6rungsfreien Betriebs der Seite sowie der Verbesserung unseres Angebots ausgewertet. Dies dient der Wahrung unserer im Rahmen einer Interessensabw\u00e4gung \u00fcberwiegenden berechtigten Interessen an einer korrekten Darstellung unseres Angebots gem\u00e4\u00df Art. 6 Abs. 1 lit. f DSGVO. Rechtsgrundlage f\u00fcr die Datenverarbeitung ist Art. 6 Abs. 1 S. 1 lit. f DSGVO, die im Rahmen einer Interessenabw\u00e4gung \u00fcberwiegen.\n<\/p>\n\n<h2>2. Datenverarbeitung zur Vertragsabwicklung und Kontaktaufnahme<\/h2>\n\n<h3>2.1 Datenverarbeitung zur Vertragserf\u00fcllung<\/h3>\n<p>\nZum Zwecke der Vertragsabwicklung (einschlie\u00dflich der Anfrage und Bearbeitung ggf. bestehender Gew\u00e4hrleistungs- und Leistungsanspr\u00fcche sowie ggf. gesetzlicher Aktualisierungspflichten) gem\u00e4\u00df Art. 6 Abs. 1 S. 1 lit. b DSGVO erheben wir personenbezogene Daten, wenn Sie uns diese im Rahmen Ihrer Bestellung freiwillig mitteilen. Pflichtfelder werden als solche gekennzeichnet, da wir in diesen F\u00e4llen die Daten zwingend zur Vertragsabwicklung ben\u00f6tigen und wir die Bestellung ohne deren Angabe nicht versenden k\u00f6nnen. Welche Daten erhoben werden, ist aus den jeweiligen Eingabeformularen ersichtlich. Weitere Informationen zur Verarbeitung Ihrer Daten, insbesondere zur Weitergabe an unsere Dienstleister zum Zwecke der Bestell-, Zahlungs- und Versandabwicklung, finden Sie in den nachfolgenden Abschnitten dieser Datenschutzerkl\u00e4rung. Nach vollst\u00e4ndiger Vertragsabwicklung werden Ihre Daten f\u00fcr die weitere Verarbeitung eingeschr\u00e4nkt und nach Ablauf der steuer- und handelsrechtlichen Aufbewahrungsfristen gem\u00e4\u00df Art. 6 Abs. 1 S. 1 lit. c DSGVO gel\u00f6scht, sofern Sie nicht ausdr\u00fccklich in eine weitere Nutzung Ihrer Daten gem\u00e4\u00df Art. 6 Abs. 1 S. 1 lit. a DSGVO eingewilligt haben oder wir uns eine dar\u00fcber hinausgehende Datenverwendung vorbehalten, die gesetzlich erlaubt ist und \u00fcber die wir Sie in dieser Erkl\u00e4rung informieren.\n<\/p>\n\n<h3>2.2 Kundenkonto<\/h3>\n<p>\nSofern Sie hierzu nach Art. 6 Abs. 1 S. 1 lit. a DSGVO eingewilligt haben, indem Sie sich f\u00fcr die Er\u00f6ffnung eines Kundenkontos entscheiden, verwenden wir Ihre Daten zum Zwecke der Kundenkontoer\u00f6ffnung und f\u00fcr weitere Bestellungen auf unserer Website. Die L\u00f6schung Ihres Kundenkontos ist jederzeit m\u00f6glich und kann entweder durch eine Nachricht an die in dieser Datenschutzerkl\u00e4rung beschriebene Kontaktm\u00f6glichkeit oder \u00fcber eine daf\u00fcr vorgesehene Funktion im Kundenkonto erfolgen. Nach L\u00f6schung Ihres Kundenkontos werden Ihre Daten gel\u00f6scht, sofern Sie nicht ausdr\u00fccklich in eine weitere Nutzung Ihrer Daten gem\u00e4\u00df Art. 6 Abs. 1 S. 1 lit. a DSGVO eingewilligt haben oder wir uns eine dar\u00fcber hinausgehende Datenverwendung vorbehalten, die gesetzlich erlaubt ist und \u00fcber die wir Sie in dieser Erkl\u00e4rung informieren.\n<\/p>\n\n<h3>2.3 Kontaktaufnahme<\/h3>\n<p>\nIm Rahmen der Kundenkommunikation erheben wir personenbezogene Daten zur Bearbeitung Ihrer Anfragen gem\u00e4\u00df Art. 6 Abs. 1 S. 1 lit. b DSGVO, wenn Sie uns diese Daten bei einer Kontaktaufnahme mit uns (z. B. per Kontaktformular, Live-Chat oder E-Mail) freiwillig mitteilen. Pflichtfelder werden als solche gekennzeichnet, da wir in diesen F\u00e4llen die Daten zwingend zur Bearbeitung Ihrer Kontaktaufnahme ben\u00f6tigen. Welche Daten erhoben werden, ist aus den jeweiligen Eingabeformularen ersichtlich. Nach vollst\u00e4ndiger Bearbeitung Ihrer Anfrage werden Ihre Daten gel\u00f6scht, sofern Sie nicht ausdr\u00fccklich in eine weitere Nutzung Ihrer Daten gem\u00e4\u00df Art. 6 Abs. 1 S. 1 lit. a DSGVO eingewilligt haben. a DSGVO oder wir behalten uns eine dar\u00fcber hinausgehende Datenverwendung vor, die gesetzlich erlaubt ist und \u00fcber die wir Sie in dieser Erkl\u00e4rung informieren.\n<\/p>\n\n<h2>3. Datenverarbeitung zum Zwecke der Versandabwicklung<\/h2>\n<p>\nZur Vertragserf\u00fcllung gem\u00e4\u00df Art. 6 Abs. 1 S. 1 lit. b DSGVO geben wir Ihre Daten an den mit der Lieferung beauftragten Versanddienstleister weiter, soweit dies zur Lieferung bestellter Waren erforderlich ist. Bei Fragen zu unseren Dienstleistern und der Grundlage unserer Zusammenarbeit mit ihnen wenden Sie sich bitte an die in dieser Datenschutzerkl\u00e4rung beschriebenen Kontaktm\u00f6glichkeit.\n<\/p>\n\n<h3>Datenweitergabe an Versanddienstleister zum Zwecke der Versandank\u00fcndigung<\/h3>\n<p>\nSofern Sie uns hierzu w\u00e4hrend oder nach Ihrer Bestellung Ihre ausdr\u00fcckliche Einwilligung erteilt haben, geben wir aufgrund dieser Datenschutzerkl\u00e4rung Ihre E-Mail-Adresse an den ausgew\u00e4hlten Versanddienstleister weiter.\t\t\t\t<\/div>\n\t\t\t\t<\/div>\n\t\t\t\t\t<\/div>\n\t\t\t\t<\/div>\n\t\t\t\t<\/div>","protected":false},"excerpt":{"rendered":"<p>Privacy Policy The person responsible for data processing is: Philipp Freiburger, Heerstra\u00dfe 32, 70563 Stuttgart, Email: shop@kinkystuffmade.com. We are pleased that you are interested in our online shop. The protection of your privacy is very important to us. Below we will inform you in detail about how we handle your data. 1. Access data and [&hellip;]<\/p>\n","protected":false},"author":1,"featured_media":0,"parent":0,"menu_order":0,"comment_status":"closed","ping_status":"closed","template":"","meta":{"_acf_changed":false,"site-sidebar-layout":"no-sidebar","site-content-layout":"page-builder","ast-site-content-layout":"full-width-container","site-content-style":"default","site-sidebar-style":"default","ast-global-header-display":"","ast-banner-title-visibility":"","ast-main-header-display":"","ast-hfb-above-header-display":"","ast-hfb-below-header-display":"","ast-hfb-mobile-header-display":"","site-post-title":"disabled","ast-breadcrumbs-content":"","ast-featured-img":"disabled","footer-sml-layout":"","ast-disable-related-posts":"","theme-transparent-header-meta":"","adv-header-id-meta":"","stick-header-meta":"","header-above-stick-meta":"","header-main-stick-meta":"","header-below-stick-meta":"","astra-migrate-meta-layouts":"set","ast-page-background-enabled":"default","ast-page-background-meta":{"desktop":{"background-color":"var(--ast-global-color-4)","background-image":"","background-repeat":"repeat","background-position":"center center","background-size":"auto","background-attachment":"scroll","background-type":"","background-media":"","overlay-type":"","overlay-color":"","overlay-opacity":"","overlay-gradient":""},"tablet":{"background-color":"","background-image":"","background-repeat":"repeat","background-position":"center center","background-size":"auto","background-attachment":"scroll","background-type":"","background-media":"","overlay-type":"","overlay-color":"","overlay-opacity":"","overlay-gradient":""},"mobile":{"background-color":"","background-image":"","background-repeat":"repeat","background-position":"center center","background-size":"auto","background-attachment":"scroll","background-type":"","background-media":"","overlay-type":"","overlay-color":"","overlay-opacity":"","overlay-gradient":""}},"ast-content-background-meta":{"desktop":{"background-color":"var(--ast-global-color-5)","background-image":"","background-repeat":"repeat","background-position":"center center","background-size":"auto","background-attachment":"scroll","background-type":"","background-media":"","overlay-type":"","overlay-color":"","overlay-opacity":"","overlay-gradient":""},"tablet":{"background-color":"var(--ast-global-color-5)","background-image":"","background-repeat":"repeat","background-position":"center center","background-size":"auto","background-attachment":"scroll","background-type":"","background-media":"","overlay-type":"","overlay-color":"","overlay-opacity":"","overlay-gradient":""},"mobile":{"background-color":"var(--ast-global-color-5)","background-image":"","background-repeat":"repeat","background-position":"center center","background-size":"auto","background-attachment":"scroll","background-type":"","background-media":"","overlay-type":"","overlay-color":"","overlay-opacity":"","overlay-gradient":""}},"footnotes":""},"class_list":["post-3592","page","type-page","status-publish","hentry"],"acf":[],"_links":{"self":[{"href":"https:\/\/kinkystuffmade.com\/de\/wp-json\/wp\/v2\/pages\/3592","targetHints":{"allow":["GET"]}}],"collection":[{"href":"https:\/\/kinkystuffmade.com\/de\/wp-json\/wp\/v2\/pages"}],"about":[{"href":"https:\/\/kinkystuffmade.com\/de\/wp-json\/wp\/v2\/types\/page"}],"author":[{"embeddable":true,"href":"https:\/\/kinkystuffmade.com\/de\/wp-json\/wp\/v2\/users\/1"}],"replies":[{"embeddable":true,"href":"https:\/\/kinkystuffmade.com\/de\/wp-json\/wp\/v2\/comments?post=3592"}],"version-history":[{"count":89,"href":"https:\/\/kinkystuffmade.com\/de\/wp-json\/wp\/v2\/pages\/3592\/revisions"}],"predecessor-version":[{"id":7382,"href":"https:\/\/kinkystuffmade.com\/de\/wp-json\/wp\/v2\/pages\/3592\/revisions\/7382"}],"wp:attachment":[{"href":"https:\/\/kinkystuffmade.com\/de\/wp-json\/wp\/v2\/media?parent=3592"}],"curies":[{"name":"wp","href":"https:\/\/api.w.org\/{rel}","templated":true}]}}