
{"id":3595,"date":"2024-08-25T08:46:05","date_gmt":"2024-08-25T06:46:05","guid":{"rendered":"https:\/\/kinkystuffmade.com\/agb\/"},"modified":"2026-01-10T14:27:30","modified_gmt":"2026-01-10T13:27:30","slug":"terms-and-conditions","status":"publish","type":"page","link":"https:\/\/kinkystuffmade.com\/de\/terms-and-conditions\/","title":{"rendered":"Terms and conditions"},"content":{"rendered":"<div data-elementor-type=\"wp-page\" data-elementor-id=\"3595\" class=\"elementor elementor-3595\">\n\t\t\t\t<div class=\"elementor-element elementor-element-0433040 e-flex e-con-boxed e-con e-parent\" data-id=\"0433040\" data-element_type=\"container\" data-e-type=\"container\">\n\t\t\t\t\t<div class=\"e-con-inner\">\n\t\t\t\t<div class=\"elementor-element elementor-element-4ff9704 elementor-widget elementor-widget-html\" data-id=\"4ff9704\" data-element_type=\"widget\" data-e-type=\"widget\" data-no-translation=\"\" data-widget_type=\"html.default\">\n\t\t\t\t<div class=\"elementor-widget-container\">\n\t\t\t\t\t<style>.elementor-element-4ff9704{display:none !important}<\/style>\t\t\t\t<\/div>\n\t\t\t\t<\/div>\n\t\t\t\t<div class=\"elementor-element elementor-element-dae94b5 elementor-widget elementor-widget-html\" data-id=\"dae94b5\" data-element_type=\"widget\" data-e-type=\"widget\" data-no-translation=\"\" data-widget_type=\"html.default\">\n\t\t\t\t<div class=\"elementor-widget-container\">\n\t\t\t\t\t<h1>Allgemeine Gesch\u00e4ftsbedingungen<\/h1>\n\n<h2>1. Geltungsbereich<\/h2>\n<p>Die folgenden Allgemeinen Gesch\u00e4ftsbedingungen gelten f\u00fcr alle Bestellungen \u00fcber unseren Online-Shop. Unser Online-Shop richtet sich ausschlie\u00dflich an Verbraucher.<\/p>\n<p>Verbraucher ist jede nat\u00fcrliche Person, die ein Rechtsgesch\u00e4ft zu Zwecken abschlie\u00dft, die \u00fcberwiegend weder ihrer gewerblichen noch ihrer selbst\u00e4ndigen beruflichen T\u00e4tigkeit zugerechnet werden k\u00f6nnen. Unternehmer ist eine nat\u00fcrliche oder juristische Person oder eine rechtsf\u00e4hige Personengesellschaft, die bei Abschluss eines Rechtsgesch\u00e4fts in Aus\u00fcbung ihrer gewerblichen oder selbst\u00e4ndigen beruflichen T\u00e4tigkeit handelt.<\/p>\n\n<h2>2. Vertragspartner, Vertragsschluss, Korrekturm\u00f6glichkeiten<\/h2>\n<p>Der Kaufvertrag kommt zustande mit Philipp Freiburger.<\/p>\n<p>Mit Einstellung der Produkte in den Online-Shop geben wir ein verbindliches Angebot zum Vertragsschluss \u00fcber diese Produkte ab. Sie k\u00f6nnen unsere Produkte zun\u00e4chst unverbindlich in den Warenkorb legen und Ihre Eingaben vor Absenden Ihrer verbindlichen Bestellung jederzeit korrigieren, indem Sie die hierf\u00fcr im Bestellprozess vorgesehenen und erl\u00e4uterten Korrekturhilfen nutzen. Der Vertrag kommt zustande, indem Sie durch Anklicken des Bestellbuttons das Angebot \u00fcber die im Warenkorb enthaltenen Produkte annehmen. Unmittelbar nach dem Absenden der Bestellung erhalten Sie noch einmal eine Best\u00e4tigung per E-Mail.<\/p>\n\n<h2>3. Vertragssprache, Vertragstextspeicherung<\/h2>\n<p>F\u00fcr den Vertragsschluss stehen Ihnen folgende Sprachen zur Verf\u00fcgung: Englisch<\/p>\n<p>Wir speichern den Vertragstext und senden Ihnen die Bestelldaten und unsere AGB in Textform zu. Der Vertragstext ist aus Sicherheitsgr\u00fcnden nicht mehr \u00fcber das Internet zug\u00e4nglich.<\/p>\n\n<h2>4. Lieferbedingungen<\/h2>\n<p>Wir senden die Produkte an die im Bestellprozess angegebene Lieferadresse. Wir liefern ausschlie\u00dflich per Postversand. Eine Selbstabholung der Ware ist leider nicht m\u00f6glich. Versand- und Lieferzeiten finden Sie <a href=\"https:\/\/kinkystuffmade.com\/shipping\/\">hier<\/a>.<\/p>\n\n<h2>5. Zahlung<\/h2>\n<p>In unserem Shop stehen Ihnen grunds\u00e4tzlich die folgenden Zahlungsarten zur Verf\u00fcgung.<\/p>\n\n<h3>5.1 PayPal, PayPal Express<\/h3>\n<p>Um den Rechnungsbetrag \u00fcber den Zahlungsdienstleister PayPal (Europe) S.\u00e0 r.l. et Cie, S.C.A, 22-24 Boulevard Royal, L-2449 Luxembourg (\u201ePayPal\u201c) bezahlen zu k\u00f6nnen, m\u00fcssen Sie bei PayPal registriert sein, sich mit Ihren Zugangsdaten legitimieren und die Zahlungsanweisung best\u00e4tigen. Die Zahlungstransaktion wird von PayPal unmittelbar nach Abgabe der Bestellung durchgef\u00fchrt. Weitere Hinweise erhalten Sie beim Bestellvorgang.<\/p>\n<p>PayPal kann registrierten PayPal-Kunden nach eigenen Kriterien ausgew\u00e4hlte weitere Zahlungsarten im Kundenkonto anbieten. Auf das Angebot dieser Methoden haben wir jedoch keinen Einfluss; weitere im Einzelnen angebotene Zahlungsarten wirken sich auf Ihr Rechtsverh\u00e4ltnis zu PayPal aus. Weitere Informationen hierzu finden Sie in Ihrem PayPal-Konto.<\/p>\n\n<h3>5.2 Sofort\u00fcberweisung<\/h3>\n<p>Bei der Zahlungsart \u201eSofort\u00fcberweisung\u201c \u00fcberweist der Kunde den Rechnungsbetrag vorab auf unser angegebenes Bankkonto. Die Bestellung wird erst nach Zahlungseingang auf unserem Konto versendet. Die Bankverbindung wird Ihnen nach Abschluss der Bestellung per E-Mail mitgeteilt. Die Bestellung wird erst nach vollst\u00e4ndigem Zahlungseingang auf unserem Konto bearbeitet und versendet. Die Lieferzeit verl\u00e4ngert sich entsprechend der Bearbeitungszeit der Bank. Im Falle eines Widerrufs oder einer Stornierung wird der bereits gezahlte Betrag auf das von Ihnen verwendete Bankkonto zur\u00fcckerstattet, sofern nichts anderes vereinbart wurde. Bitte geben Sie bei der \u00dcberweisung Ihre Bestellnummer als Verwendungszweck an, um eine korrekte Zuordnung Ihrer Zahlung zu gew\u00e4hrleisten. F\u00fcr Verz\u00f6gerungen, die durch die Bearbeitungszeit der Bank entstehen, \u00fcbernehmen wir keine Haftung.<\/p>\n\n<h2>6. Gew\u00e4hrleistung und Garantien<\/h2>\n\n<h3>6.1 M\u00e4ngelhaftung<\/h3>\n<p>Es gilt die gesetzliche M\u00e4ngelhaftung.<\/p>\n\n<h3>6.2 Garantien und Kundenservice<\/h3>\n<p>Informationen zu gegebenenfalls geltenden zus\u00e4tzlichen Garantien und deren genauen Bedingungen finden Sie jeweils beim Produkt und auf besonderen Informationsseiten im Online-Shop.<\/p>\n\n<h2>7. Streitbeilegung<\/h2>\n\n<p>Wir sind weder verpflichtet noch bereit, an einem Streitbeilegungsverfahren vor einer Verbraucherschlichtungsstelle teilzunehmen.<\/p>\n\t\t\t\t<\/div>\n\t\t\t\t<\/div>\n\t\t\t\t\t<\/div>\n\t\t\t\t<\/div>\n\t\t\t\t<\/div>","protected":false},"excerpt":{"rendered":"<p>General Terms and Conditions 1. Scope The following General Terms and Conditions apply to all orders placed via our online shop. Our online shop is aimed exclusively at consumers. A consumer is any natural person who concludes a legal transaction for purposes that cannot be attributed primarily to their commercial or independent professional activity. An [&hellip;]<\/p>\n","protected":false},"author":1,"featured_media":0,"parent":0,"menu_order":0,"comment_status":"closed","ping_status":"closed","template":"","meta":{"_acf_changed":false,"site-sidebar-layout":"no-sidebar","site-content-layout":"page-builder","ast-site-content-layout":"full-width-container","site-content-style":"unboxed","site-sidebar-style":"unboxed","ast-global-header-display":"","ast-banner-title-visibility":"","ast-main-header-display":"","ast-hfb-above-header-display":"","ast-hfb-below-header-display":"","ast-hfb-mobile-header-display":"","site-post-title":"disabled","ast-breadcrumbs-content":"","ast-featured-img":"disabled","footer-sml-layout":"","ast-disable-related-posts":"","theme-transparent-header-meta":"","adv-header-id-meta":"","stick-header-meta":"","header-above-stick-meta":"","header-main-stick-meta":"","header-below-stick-meta":"","astra-migrate-meta-layouts":"set","ast-page-background-enabled":"default","ast-page-background-meta":{"desktop":{"background-color":"var(--ast-global-color-4)","background-image":"","background-repeat":"repeat","background-position":"center center","background-size":"auto","background-attachment":"scroll","background-type":"","background-media":"","overlay-type":"","overlay-color":"","overlay-opacity":"","overlay-gradient":""},"tablet":{"background-color":"","background-image":"","background-repeat":"repeat","background-position":"center center","background-size":"auto","background-attachment":"scroll","background-type":"","background-media":"","overlay-type":"","overlay-color":"","overlay-opacity":"","overlay-gradient":""},"mobile":{"background-color":"","background-image":"","background-repeat":"repeat","background-position":"center center","background-size":"auto","background-attachment":"scroll","background-type":"","background-media":"","overlay-type":"","overlay-color":"","overlay-opacity":"","overlay-gradient":""}},"ast-content-background-meta":{"desktop":{"background-color":"var(--ast-global-color-5)","background-image":"","background-repeat":"repeat","background-position":"center center","background-size":"auto","background-attachment":"scroll","background-type":"","background-media":"","overlay-type":"","overlay-color":"","overlay-opacity":"","overlay-gradient":""},"tablet":{"background-color":"var(--ast-global-color-5)","background-image":"","background-repeat":"repeat","background-position":"center center","background-size":"auto","background-attachment":"scroll","background-type":"","background-media":"","overlay-type":"","overlay-color":"","overlay-opacity":"","overlay-gradient":""},"mobile":{"background-color":"var(--ast-global-color-5)","background-image":"","background-repeat":"repeat","background-position":"center center","background-size":"auto","background-attachment":"scroll","background-type":"","background-media":"","overlay-type":"","overlay-color":"","overlay-opacity":"","overlay-gradient":""}},"footnotes":""},"class_list":["post-3595","page","type-page","status-publish","hentry"],"acf":[],"_links":{"self":[{"href":"https:\/\/kinkystuffmade.com\/de\/wp-json\/wp\/v2\/pages\/3595","targetHints":{"allow":["GET"]}}],"collection":[{"href":"https:\/\/kinkystuffmade.com\/de\/wp-json\/wp\/v2\/pages"}],"about":[{"href":"https:\/\/kinkystuffmade.com\/de\/wp-json\/wp\/v2\/types\/page"}],"author":[{"embeddable":true,"href":"https:\/\/kinkystuffmade.com\/de\/wp-json\/wp\/v2\/users\/1"}],"replies":[{"embeddable":true,"href":"https:\/\/kinkystuffmade.com\/de\/wp-json\/wp\/v2\/comments?post=3595"}],"version-history":[{"count":128,"href":"https:\/\/kinkystuffmade.com\/de\/wp-json\/wp\/v2\/pages\/3595\/revisions"}],"predecessor-version":[{"id":8866,"href":"https:\/\/kinkystuffmade.com\/de\/wp-json\/wp\/v2\/pages\/3595\/revisions\/8866"}],"wp:attachment":[{"href":"https:\/\/kinkystuffmade.com\/de\/wp-json\/wp\/v2\/media?parent=3595"}],"curies":[{"name":"wp","href":"https:\/\/api.w.org\/{rel}","templated":true}]}}