


      
{"id":3597,"date":"2024-08-25T08:46:05","date_gmt":"2024-08-25T06:46:05","guid":{"rendered":"https:\/\/kinkystuffmade.com\/versandarten\/"},"modified":"2026-04-13T15:53:06","modified_gmt":"2026-04-13T13:53:06","slug":"shipping","status":"publish","type":"page","link":"https:\/\/kinkystuffmade.com\/de\/shipping\/","title":{"rendered":"Versand"},"content":{"rendered":"<div data-elementor-type=\"wp-page\" data-elementor-id=\"3597\" class=\"elementor elementor-3597\">\n\t\t\t\t<div class=\"elementor-element elementor-element-5856ff3 e-flex e-con-boxed e-con e-parent\" data-id=\"5856ff3\" data-element_type=\"container\" data-e-type=\"container\">\n\t\t\t\t\t<div class=\"e-con-inner\">\n\t\t\t\t<div class=\"elementor-element elementor-element-8360a5c elementor-widget elementor-widget-html\" data-id=\"8360a5c\" data-element_type=\"widget\" data-e-type=\"widget\" data-no-translation=\"\" data-widget_type=\"html.default\">\n\t\t\t\t<div class=\"elementor-widget-container\">\n\t\t\t\t\t<style>.elementor-element-8360a5c{display:none !important}<\/style>\t\t\t\t<\/div>\n\t\t\t\t<\/div>\n\t\t\t\t<div class=\"elementor-element elementor-element-d97321a elementor-widget elementor-widget-html\" data-id=\"d97321a\" data-element_type=\"widget\" data-e-type=\"widget\" data-no-translation=\"\" data-widget_type=\"html.default\">\n\t\t\t\t<div class=\"elementor-widget-container\">\n\t\t\t\t\t<h2>Verpackung:<\/h2>\n<ul>\n<li>Ihre Artikel werden <strong>neutral<\/strong> verpackt, ohne Hinweis auf KinkyStuffMade.<\/li>\n<\/ul>\n<h2>Bearbeitungszeit:<\/h2>\nBearbeitungszeit f\u00fcr die Produkte Ihrer Bestellung:\n<ul>\n<li>Standard<strong>: 3\u201314 Werktage<\/strong><\/li>\n<\/ul>\n<h2>Versanddauer:<\/h2>\nGesch\u00e4tzte Lieferzeit Ihrer Bestellung nach Fertigstellung und Versand:\n<ul>\n<li>National (Deutschland): <strong>1\u20132 Werktage<\/strong> <strong>\u2013 <em>6,90 \u20ac<\/em><\/strong><\/li>\n<li>International (EU): <strong>3\u201313 Werktage<\/strong>. Der Preis wird an der Kasse berechnet.<strong>\n<\/strong><\/li>\n<li>International: <strong>20\u201330 Werktage: <\/strong>Der Preis wird an der Kasse berechnet.<\/li>\nWir liefern nicht in folgende L\u00e4nder: USA, Kanada, Russland, Nord-Korea\n<\/ul>\n<div>\n<div class=\"b wt-pb-xs-2\">\n<h4 class=\"b text-body\">Zoll- und Einfuhrsteuern<\/h4>\n<\/div>\n<div class=\"wt-text-gray prose\">K\u00e4ufer tragen die Verantwortung f\u00fcr eventuell anfallende Zoll- und Einfuhrsteuern. KinkyStuffMade \u00fcbernimmt keine Verantwortung f\u00fcr zollbedingte Verz\u00f6gerungen.<\/div>\n<\/div>\t\t\t\t<\/div>\n\t\t\t\t<\/div>\n\t\t\t\t\t<\/div>\n\t\t\t\t<\/div>\n\t\t\t\t<\/div>","protected":false},"excerpt":{"rendered":"<p>Packaging: Your items will be packaged neutrally, without any reference to KinkyStuffMade. Processing Times: The time it takes to make the products of your order: Standard: 3-14 working days Shipping Times: The estimated time it takes for your order to arrive, once its finished and posted: National (Germany): 1-2 business Days\u00a0 &#8211; 6,90\u20ac International (EU): [&hellip;]<\/p>\n","protected":false},"author":1,"featured_media":0,"parent":0,"menu_order":0,"comment_status":"closed","ping_status":"closed","template":"","meta":{"_acf_changed":false,"site-sidebar-layout":"no-sidebar","site-content-layout":"page-builder","ast-site-content-layout":"full-width-container","site-content-style":"unboxed","site-sidebar-style":"unboxed","ast-global-header-display":"","ast-banner-title-visibility":"","ast-main-header-display":"","ast-hfb-above-header-display":"","ast-hfb-below-header-display":"","ast-hfb-mobile-header-display":"","site-post-title":"disabled","ast-breadcrumbs-content":"","ast-featured-img":"disabled","footer-sml-layout":"","ast-disable-related-posts":"","theme-transparent-header-meta":"","adv-header-id-meta":"","stick-header-meta":"","header-above-stick-meta":"","header-main-stick-meta":"","header-below-stick-meta":"","astra-migrate-meta-layouts":"set","ast-page-background-enabled":"default","ast-page-background-meta":{"desktop":{"background-color":"var(--ast-global-color-4)","background-image":"","background-repeat":"repeat","background-position":"center center","background-size":"auto","background-attachment":"scroll","background-type":"","background-media":"","overlay-type":"","overlay-color":"","overlay-opacity":"","overlay-gradient":""},"tablet":{"background-color":"","background-image":"","background-repeat":"repeat","background-position":"center center","background-size":"auto","background-attachment":"scroll","background-type":"","background-media":"","overlay-type":"","overlay-color":"","overlay-opacity":"","overlay-gradient":""},"mobile":{"background-color":"","background-image":"","background-repeat":"repeat","background-position":"center center","background-size":"auto","background-attachment":"scroll","background-type":"","background-media":"","overlay-type":"","overlay-color":"","overlay-opacity":"","overlay-gradient":""}},"ast-content-background-meta":{"desktop":{"background-color":"var(--ast-global-color-5)","background-image":"","background-repeat":"repeat","background-position":"center center","background-size":"auto","background-attachment":"scroll","background-type":"","background-media":"","overlay-type":"","overlay-color":"","overlay-opacity":"","overlay-gradient":""},"tablet":{"background-color":"var(--ast-global-color-5)","background-image":"","background-repeat":"repeat","background-position":"center center","background-size":"auto","background-attachment":"scroll","background-type":"","background-media":"","overlay-type":"","overlay-color":"","overlay-opacity":"","overlay-gradient":""},"mobile":{"background-color":"var(--ast-global-color-5)","background-image":"","background-repeat":"repeat","background-position":"center center","background-size":"auto","background-attachment":"scroll","background-type":"","background-media":"","overlay-type":"","overlay-color":"","overlay-opacity":"","overlay-gradient":""}},"footnotes":""},"class_list":["post-3597","page","type-page","status-publish","hentry"],"acf":[],"_links":{"self":[{"href":"https:\/\/kinkystuffmade.com\/de\/wp-json\/wp\/v2\/pages\/3597","targetHints":{"allow":["GET"]}}],"collection":[{"href":"https:\/\/kinkystuffmade.com\/de\/wp-json\/wp\/v2\/pages"}],"about":[{"href":"https:\/\/kinkystuffmade.com\/de\/wp-json\/wp\/v2\/types\/page"}],"author":[{"embeddable":true,"href":"https:\/\/kinkystuffmade.com\/de\/wp-json\/wp\/v2\/users\/1"}],"replies":[{"embeddable":true,"href":"https:\/\/kinkystuffmade.com\/de\/wp-json\/wp\/v2\/comments?post=3597"}],"version-history":[{"count":58,"href":"https:\/\/kinkystuffmade.com\/de\/wp-json\/wp\/v2\/pages\/3597\/revisions"}],"predecessor-version":[{"id":9842,"href":"https:\/\/kinkystuffmade.com\/de\/wp-json\/wp\/v2\/pages\/3597\/revisions\/9842"}],"wp:attachment":[{"href":"https:\/\/kinkystuffmade.com\/de\/wp-json\/wp\/v2\/media?parent=3597"}],"curies":[{"name":"wp","href":"https:\/\/api.w.org\/{rel}","templated":true}]}}